{"id":5,"date":"2018-11-13T14:12:07","date_gmt":"2018-11-13T06:12:07","guid":{"rendered":"https:\/\/www.acooffice.com\/?page_id=5"},"modified":"2023-11-11T10:11:18","modified_gmt":"2023-11-11T02:11:18","slug":"about","status":"publish","type":"page","link":"https:\/\/www.acooffice.com\/pt\/about","title":{"rendered":"Sobre n\u00f3s"},"content":{"rendered":"<p>Fundada em 2004, a sede est\u00e1 localizada em Shenzhen, China. A empresa tem 510Stas, e a \u00e1rea da ind\u00fastria de produ\u00e7\u00e3o mais de 35.000 Sqm, com 18 linhas de produ\u00e7\u00e3o e linhas de embalagem.<\/p>\n<p>As principais marcas s\u00e3o ASTA e ACO, com mais de 90 agentes das marcas ASTA e ACO em todo o mundo e 7 sucursais no estrangeiro no M\u00e9xico, Dubai, Myanmar, Col\u00f4mbia, Ar\u00e1bia Saudita, Nig\u00e9ria e Qu\u00e9nia. Shenzhen ASTA Co., Ltd. n\u00e3o s\u00f3 tem uma forte for\u00e7a t\u00e9cnica, equipamento de teste avan\u00e7ado, estrutura organizacional profissional e eficiente, conceitos de gest\u00e3o avan\u00e7ados, mas tamb\u00e9m mant\u00e9m uma rela\u00e7\u00e3o est\u00e1vel e de longo prazo com parceiros globais e aumenta continuamente a quota de mercado nacional e estrangeiro. Porque atribu\u00edmos grande import\u00e2ncia \u00e0 imagem da marca, \u00e0 satisfa\u00e7\u00e3o do cliente e \u00e0 inova\u00e7\u00e3o cont\u00ednua.<\/p>\n<p>Marca de escrit\u00f3rio ACO - Torne a sua vida no escrit\u00f3rio mais divertida, fornecemos e produzimos produtos rent\u00e1veis para si, centrados em material de escrit\u00f3rio criativo, incluindo<br \/>\nSuporte para computador port\u00e1til, suporte para telefone, capa protetora para cabo de dados, tesoura, calculadora, suporte para caneta, caixa de arruma\u00e7\u00e3o, agrafador, aspirador de secret\u00e1ria, gancho, material de gin\u00e1stica para escrit\u00f3rio, brinquedos para aliviar o stress, bases para copos, etc.<\/p>","protected":false},"excerpt":{"rendered":"<p>Shenzhen ASTA Co.,Ltd.Founded In 2004, Headquarters Located In Shenzhen, China. The Company Has 510Stas, And The Production Industry Area Over 35,000 Sqm, With 18 Production Lines Andpackaging Lines. The Main Brands Are ASTA, ACO, With More Than 90 ASTA And ACO Brand Agents Worldwide, And 7 Overseas Branches In Mexico, Dubai, Myanmar, Colombia, Saudi Arabia, [&hellip;]<\/p>","protected":false},"author":1,"featured_media":0,"parent":0,"menu_order":0,"comment_status":"closed","ping_status":"closed","template":"pages\/page-about.php","meta":{"footnotes":""},"class_list":["post-5","page","type-page","status-publish","hentry"],"acf":[],"_links":{"self":[{"href":"https:\/\/www.acooffice.com\/pt\/wp-json\/wp\/v2\/pages\/5","targetHints":{"allow":["GET"]}}],"collection":[{"href":"https:\/\/www.acooffice.com\/pt\/wp-json\/wp\/v2\/pages"}],"about":[{"href":"https:\/\/www.acooffice.com\/pt\/wp-json\/wp\/v2\/types\/page"}],"author":[{"embeddable":true,"href":"https:\/\/www.acooffice.com\/pt\/wp-json\/wp\/v2\/users\/1"}],"replies":[{"embeddable":true,"href":"https:\/\/www.acooffice.com\/pt\/wp-json\/wp\/v2\/comments?post=5"}],"version-history":[{"count":0,"href":"https:\/\/www.acooffice.com\/pt\/wp-json\/wp\/v2\/pages\/5\/revisions"}],"wp:attachment":[{"href":"https:\/\/www.acooffice.com\/pt\/wp-json\/wp\/v2\/media?parent=5"}],"curies":[{"name":"wp","href":"https:\/\/api.w.org\/{rel}","templated":true}]}}