{"id":5,"date":"2018-11-13T14:12:07","date_gmt":"2018-11-13T06:12:07","guid":{"rendered":"https:\/\/www.acooffice.com\/?page_id=5"},"modified":"2023-11-11T10:11:18","modified_gmt":"2023-11-11T02:11:18","slug":"uber","status":"publish","type":"page","link":"https:\/\/www.acooffice.com\/de\/uber","title":{"rendered":"\u00dcber uns"},"content":{"rendered":"<p>Shenzhen ASTA Co. Ltd. wurde 2004 gegr\u00fcndet, der Hauptsitz befindet sich in Shenzhen, China. Das Unternehmen hat 510Stas, und die Produktion Industriebereich \u00fcber 35.000 Sqm, mit 18 Produktionslinien und Verpackungslinien.<\/p>\n<p>Die wichtigsten Marken sind ASTA und ACO, mit mehr als 90 ASTA- und ACO-Markenvertretungen weltweit und 7 \u00dcbersee-Niederlassungen in Mexiko, Dubai, Myanmar, Kolumbien, Saudi-Arabien, Nigeria und Kenia. Shenzhen ASTA Co.Ltd. hat nicht nur eine starke technische St\u00e4rke, fortschrittliche Pr\u00fcfger\u00e4te, eine professionelle und effiziente Organisationsstruktur und fortschrittliche Managementkonzepte, sondern unterh\u00e4lt auch stabile und langfristige Beziehungen zu globalen Partnern und erh\u00f6ht kontinuierlich den in- und ausl\u00e4ndischen Marktanteil. Wir legen gro\u00dfen Wert auf Markenimage, Kundenzufriedenheit und kontinuierliche Innovation.<\/p>\n<p>ACO Office Brand - Make Your Office Life More Fun, Wir bieten und produzieren kosteng\u00fcnstige Produkte f\u00fcr Sie, Fokus auf kreative B\u00fcroartikel, einschlie\u00dflich<br \/>\nLaptop-St\u00e4nder, Telefonhalter, Schutzh\u00fclle f\u00fcr Datenkabel, Schere, Taschenrechner, Stifthalter, Aufbewahrungsbox, Hefter, Desktop-Staubsauger, Aufh\u00e4nger, B\u00fcro-Fitness-Zubeh\u00f6r, Stressabbau-Spielzeug, Untersetzer usw.<\/p>","protected":false},"excerpt":{"rendered":"<p>Shenzhen ASTA Co.,Ltd.Founded In 2004, Headquarters Located In Shenzhen, China. The Company Has 510Stas, And The Production Industry Area Over 35,000 Sqm, With 18 Production Lines Andpackaging Lines. The Main Brands Are ASTA, ACO, With More Than 90 ASTA And ACO Brand Agents Worldwide, And 7 Overseas Branches In Mexico, Dubai, Myanmar, Colombia, Saudi Arabia, [&hellip;]<\/p>","protected":false},"author":1,"featured_media":0,"parent":0,"menu_order":0,"comment_status":"closed","ping_status":"closed","template":"pages\/page-about.php","meta":{"footnotes":""},"class_list":["post-5","page","type-page","status-publish","hentry"],"acf":[],"_links":{"self":[{"href":"https:\/\/www.acooffice.com\/de\/wp-json\/wp\/v2\/pages\/5","targetHints":{"allow":["GET"]}}],"collection":[{"href":"https:\/\/www.acooffice.com\/de\/wp-json\/wp\/v2\/pages"}],"about":[{"href":"https:\/\/www.acooffice.com\/de\/wp-json\/wp\/v2\/types\/page"}],"author":[{"embeddable":true,"href":"https:\/\/www.acooffice.com\/de\/wp-json\/wp\/v2\/users\/1"}],"replies":[{"embeddable":true,"href":"https:\/\/www.acooffice.com\/de\/wp-json\/wp\/v2\/comments?post=5"}],"version-history":[{"count":0,"href":"https:\/\/www.acooffice.com\/de\/wp-json\/wp\/v2\/pages\/5\/revisions"}],"wp:attachment":[{"href":"https:\/\/www.acooffice.com\/de\/wp-json\/wp\/v2\/media?parent=5"}],"curies":[{"name":"wp","href":"https:\/\/api.w.org\/{rel}","templated":true}]}}